{"id":578,"date":"2025-04-10T10:52:47","date_gmt":"2025-04-10T10:52:47","guid":{"rendered":"https:\/\/azetaservice.it\/?page_id=578"},"modified":"2025-04-11T09:15:23","modified_gmt":"2025-04-11T09:15:23","slug":"informativa-privacy","status":"publish","type":"page","link":"https:\/\/azetaservice.it\/index.php\/attivita\/informativa-privacy\/","title":{"rendered":"INFORMATIVA PRIVACY"},"content":{"rendered":"<p>[et_pb_section fb_built=&#8221;1&#8243; disabled_on=&#8221;on|on|off&#8221; admin_label=&#8221;Header&#8221; _builder_version=&#8221;4.27.4&#8243; _module_preset=&#8221;default&#8221; background_color=&#8221;#0a3d49&#8243; background_enable_image=&#8221;off&#8221; min_height=&#8221;200px&#8221; custom_margin=&#8221;||-118px|||&#8221; custom_padding=&#8221;0vw||2vw||false|false&#8221; global_colors_info=&#8221;{}&#8221;][et_pb_row _builder_version=&#8221;4.24.2&#8243; _module_preset=&#8221;default&#8221; max_width=&#8221;70%&#8221; custom_margin=&#8221;||||false|false&#8221; global_colors_info=&#8221;{}&#8221;][et_pb_column type=&#8221;4_4&#8243; _builder_version=&#8221;4.16&#8243; _module_preset=&#8221;default&#8221; global_colors_info=&#8221;{}&#8221;][et_pb_blurb title=&#8221;INFORMATIVA PRIVACY&#8221; icon_alignment=&#8221;left&#8221; content_max_width=&#8221;100%&#8221; admin_label=&#8221;INFORMATIVA PRIVACY &#8221; _builder_version=&#8221;4.27.4&#8243; _module_preset=&#8221;58e41a12-d2dc-4bc3-82a3-e7e2a77a32bd&#8221; header_font=&#8221;Barlow Condensed|||on|||||&#8221; header_text_color=&#8221;#d6da50&#8243; header_font_size=&#8221;37px&#8221; header_line_height=&#8221;1.3em&#8221; body_font=&#8221;||||||||&#8221; body_text_color=&#8221;#FFFFFF&#8221; body_font_size=&#8221;18px&#8221; body_line_height=&#8221;1.8em&#8221; custom_padding=&#8221;||4px|||&#8221; animation_style=&#8221;zoom&#8221; animation=&#8221;off&#8221; header_font_size_tablet=&#8221;25px&#8221; header_font_size_phone=&#8221;25px&#8221; header_font_size_last_edited=&#8221;on|phone&#8221; body_font_size_tablet=&#8221;16px&#8221; body_font_size_phone=&#8221;16px&#8221; body_font_size_last_edited=&#8221;on|phone&#8221; global_colors_info=&#8221;{}&#8221;][\/et_pb_blurb][\/et_pb_column][\/et_pb_row][\/et_pb_section][et_pb_section fb_built=&#8221;1&#8243; disabled_on=&#8221;off|off|off&#8221; admin_label=&#8221;Services singolo&#8221; _builder_version=&#8221;4.24.2&#8243; _module_preset=&#8221;default&#8221; background_color=&#8221;#0a3d49&#8243; background_color_gradient_direction=&#8221;-117deg&#8221; background_image=&#8221;https:\/\/azetaservice.it\/wp-content\/uploads\/2024\/02\/AI-background_03.png&#8221; parallax=&#8221;on&#8221; background_blend=&#8221;darken&#8221; custom_margin=&#8221;129px|||||&#8221; custom_padding=&#8221;0px||8px|||&#8221; global_colors_info=&#8221;{}&#8221;][et_pb_row column_structure=&#8221;1_3,2_3&#8243; disabled_on=&#8221;off|off|off&#8221; _builder_version=&#8221;4.27.4&#8243; _module_preset=&#8221;default&#8221; background_color=&#8221;#0a3d49&#8243; max_width=&#8221;1200px&#8221; hover_enabled=&#8221;0&#8243; locked=&#8221;off&#8221; global_colors_info=&#8221;{}&#8221; sticky_enabled=&#8221;0&#8243;][et_pb_column type=&#8221;1_3&#8243; _builder_version=&#8221;4.16&#8243; _module_preset=&#8221;default&#8221; global_colors_info=&#8221;{}&#8221;][et_pb_blurb image=&#8221;https:\/\/azetaservice.it\/wp-content\/uploads\/2024\/03\/logo_footer.png&#8221; content_max_width=&#8221;100%&#8221; admin_label=&#8221;immagine&#8221; _builder_version=&#8221;4.27.4&#8243; _module_preset=&#8221;58e41a12-d2dc-4bc3-82a3-e7e2a77a32bd&#8221; header_font=&#8221;Barlow Condensed|||on|||||&#8221; header_text_color=&#8221;#d6da50&#8243; header_font_size=&#8221;24px&#8221; header_line_height=&#8221;1.3em&#8221; body_font=&#8221;Archivo||||||||&#8221; body_text_color=&#8221;rgba(255,255,255,0.64)&#8221; body_font_size=&#8221;15px&#8221; body_line_height=&#8221;1.8em&#8221; background_enable_image=&#8221;off&#8221; parallax=&#8221;on&#8221; image_icon_custom_margin=&#8221;30px|30px|30px|30px|false|false&#8221; min_height=&#8221;100px&#8221; height=&#8221;100px&#8221; max_height=&#8221;100px&#8221; custom_margin=&#8221;||87px|||&#8221; custom_padding=&#8221;||5px|||&#8221; animation_style=&#8221;zoom&#8221; animation=&#8221;off&#8221; header_font_size_tablet=&#8221;18px&#8221; header_font_size_phone=&#8221;16px&#8221; header_font_size_last_edited=&#8221;on|desktop&#8221; body_font_size_tablet=&#8221;&#8221; body_font_size_phone=&#8221;14px&#8221; body_font_size_last_edited=&#8221;on|desktop&#8221; border_color_all=&#8221;#EDF000&#8243; border_width_all_image=&#8221;1px&#8221; border_color_all_image=&#8221;#edf000&#8243; box_shadow_style_image=&#8221;preset1&#8243; locked=&#8221;off&#8221; global_colors_info=&#8221;{}&#8221;][\/et_pb_blurb][\/et_pb_column][et_pb_column type=&#8221;2_3&#8243; _builder_version=&#8221;4.16&#8243; _module_preset=&#8221;default&#8221; global_colors_info=&#8221;{}&#8221;][et_pb_blurb icon_alignment=&#8221;left&#8221; content_max_width=&#8221;100%&#8221; admin_label=&#8221;INFORMATIVA PRIVACY &#8221; _builder_version=&#8221;4.27.4&#8243; _module_preset=&#8221;58e41a12-d2dc-4bc3-82a3-e7e2a77a32bd&#8221; header_font=&#8221;Barlow Condensed|||on|||||&#8221; header_text_color=&#8221;#d6da50&#8243; header_font_size=&#8221;27px&#8221; header_line_height=&#8221;1.3em&#8221; body_font=&#8221;||||||||&#8221; body_text_color=&#8221;#FFFFFF&#8221; body_font_size=&#8221;18px&#8221; body_line_height=&#8221;1.8em&#8221; custom_margin=&#8221;25px||-118px||false|false&#8221; custom_padding=&#8221;4px||566px|||&#8221; animation_style=&#8221;zoom&#8221; animation=&#8221;off&#8221; header_font_size_tablet=&#8221;25px&#8221; header_font_size_phone=&#8221;25px&#8221; header_font_size_last_edited=&#8221;on|phone&#8221; body_font_size_tablet=&#8221;16px&#8221; body_font_size_phone=&#8221;16px&#8221; body_font_size_last_edited=&#8221;on|phone&#8221; global_colors_info=&#8221;{}&#8221;]<\/p>\n<p><span style=\"color: #edf000;\"><strong>EINFORMATIVA PRIVACY AI SENSI DEL REGOLAMENTO UE 679\/2016<\/strong><\/span><\/p>\n<p><span style=\"color: #edf000;\"><strong>Oggetto:<\/strong><\/span> Informativa ai sensi dell\u2019articolo 13 del Regolamento (UE) 2016\/679.<br \/>Ai sensi dell\u2019art. 13 del Regolamento (UE) 2016\/679, recante disposizioni a tutela delle persone e di altri soggetti rispetto al trattamento dei dati personali, desideriamo informarla che i dati personali da lei forniti formeranno oggetto di trattamento nel rispetto della normativa soprarichiamata e degli obblighi di riservatezza cui \u00e8 tenuta la AZ Service s.r.l..<br \/><span style=\"color: #edf000;\"><strong>Finalit\u00e0 del trattamento<\/strong><\/span><br \/>I dati personali saranno trattati e conservati per adempimenti operativi, amministrativi, contabili e\/o di altra natura connessi alla gestione dell\u2019attivit\u00e0 di AZ Service ed anche semplicemente per soddisfare la richiesta di un interessato. Per \u201cdato personale\u201d, ai sensi dell\u2019art. 4\u00a0 comma 1 del Regolamento, si intende \u201cqualsiasi informazione riguardante una persona fisica identificata o identificabile (interessato).<br \/><span style=\"color: #edf000;\"><strong>Modalit\u00e0 di trattamento e conservazione<\/strong><\/span><br \/>I trattamenti sono effettuati dal Titolare e\/o da persone fisiche autorizzate dal Titolare, per il perseguimento delle finalit\u00e0 indicate. Le persone autorizzate al trattamento sono vincolate al segreto professionale. Il trattamento dei dati personali pu\u00f2 avvenire eventualmente con la collaborazione di altri soggetti nominati come Responsabili del trattamento, che effettuano il trattamento dei dati nel rispetto delle finalit\u00e0 e dei mezzi determinati dal Titolare del trattamento ai sensi dell&#8217;art. 28 del Regolamento. L&#8217;elenco dei Responsabili del trattamento \u00e8 consultabile su richiesta dell&#8217;interessato. Il trattamento si svolge nel rispetto dei diritti e delle libert\u00e0 fondamentali ed \u00e8 conforme ai principi di cui all\u2019art. 5 del Regolamento, e in primo luogo al principio di correttezza, liceit\u00e0, trasparenza del trattamento. Il Titolare assicura la pertinenza e proporzionalit\u00e0 delle informazioni trattate rispetto alle finalit\u00e0 perseguite.<br \/><span style=\"color: #edf000;\"><strong>Categorie di destinatari dei dati<\/strong><\/span><br \/>I trattamenti sono effettuati a cura delle persone autorizzate e impegnate alla riservatezza e preposte alle relative attivit\u00e0 di competenza del Titolare, nel rispetto delle finalit\u00e0 indicate sopra. Il Titolare, nello svolgimento delle proprie attivit\u00e0 e per erogare i propri servizi, potrebbe trasmettere i dati alle seguenti categorie di destinatari:<br \/>\u2022 Clienti;<br \/>\u2022 Fornitori di servizi;<br \/>\u2022 Consulenti;<br \/>\u2022 Soggetti pubblici in applicazione di obblighi di legge.<\/p>\n<p>I destinatari, qualora non siano Titolari autonomi del trattamento, sono nominati Responsabili del trattamento da parte del Titolare, ai sensi dell\u2019art. 28 del Regolamento. L\u2019elenco completo e aggiornato dei Responsabili del trattamento pu\u00f2 essere richiesto al Titolare. I fornitori di servizi &#8211; in qualit\u00e0 di Responsabili del trattamento e sulla base del contratto di servizio stipulato &#8211; sono obbligati a trattare i dati personali esclusivamente per le finalit\u00e0 indicate dal Titolare, a non conservarli oltre la durata indicata n\u00e9 a trasmetterli a terzi senza l\u2019esplicita autorizzazione del Titolare, nel rispetto dell\u2019art. 28 del Regolamento.<br \/>I suoi dati personali saranno conservati per tutto il tempo per cui siano perseguite le finalit\u00e0 per le quali sono raccolti e trattati.<br \/><span style=\"color: #edf000;\"><strong>Ambito di comunicazione e diffusione<\/strong><\/span><br \/>La informiamo che, di regola, i dati raccolti non saranno mai diffusi e non saranno oggetto di comunicazione senza suo esplicito consenso, salvo le comunicazioni necessarie che possono comportare il trasferimento di dati ad enti pubblici, a consulenti o ad altri soggetti per l\u2019adempimento degli obblighi di legge.<br \/><span style=\"color: #edf000;\"><strong>Trasferimento dei dati personali all\u2019estero<\/strong><\/span><br \/>I dati personali trattati per le predette finalit\u00e0 non sono trasferiti a paesi terzi all\u2019esterno dell\u2019Unione Europea o dello Spazio Economico Europeo (SEE), n\u00e9 ad organizzazioni internazionali. Il Titolare si impegna a trasferire dati in paesi esterni allo SEE soltanto nel rispetto delle disposizioni di cui al capo V del Regolamento.<\/p>\n<p><span style=\"color: #edf000;\"><strong>Diritti dell\u2019interessato<\/strong><\/span><br \/>Gli interessati (persone fisiche cui si riferiscono i dati) possono esercitare i diritti previsti dall\u2019art. 15 e seguenti del Regolamento ed in particolare il diritto di accedere ai propri dati personali, di chiederne la rettifica o la limitazione, l\u2019aggiornamento se incompleti o erronei e la cancellazione se sussistono i presupposti, nonch\u00e9 il diritto alla portabilit\u00e0 dei dati e il diritto di opporsi al trattamento. Per l\u2019esercizio dei propri diritti gli interessati possono rivolgersi al Titolare o al Responsabile della protezione dei dati attraverso i dati di contatto indicati sopra in questa Informativa.<br \/>Qualora ritengano che il trattamento dei dati personali a loro riferiti avvenga in violazione del Regolamento o di altre disposizioni di legge applicabili, gli interessati hanno il diritto di proporre reclamo al Garante per la protezione dei dati personali, ai sensi dall&#8217;art. 77 del Regolamento stesso, o in alternativa hanno il diritto di adire le opportune sedi giudiziarie, ai sensi dell\u2019art. 79 del Regolamento.<br \/>I dati di contatto del Garante per la protezione dei dati personali sono reperibili sul sito dell\u2019Autorit\u00e0, all\u2019indirizzo www.garanteprivacy.it.<\/p>\n<p><span style=\"color: #edf000;\"><strong>Titolare del trattamento<\/strong><\/span><br \/>Il titolare del Trattamento \u00e8 Antenucci Nicola in qualit\u00e0 di Amministratore e Rappresentante Legale della AZ Service s.r.l., con sede in Roma, Via Giulio Vincenzo Bona, 133 CAP 00156 \u2013 tel. 0689687064 \u2013 mail: <strong>info@azetaservice.it <\/strong>\u2013 PEC <strong>azetaservice@mypec.eu<\/strong><\/p>\n<p><a href=\"https:\/\/azetaservice.it\/wp-content\/uploads\/2025\/04\/Informativa-Privacy-AZ-Service.pdf\" target=\"_blank\" rel=\"noopener\"><span style=\"color: #efef28;\"><strong>scarica il documento in formato PDF<\/strong><\/span><\/a><\/p>\n<p>[\/et_pb_blurb][\/et_pb_column][\/et_pb_row][\/et_pb_section][et_pb_section fb_built=&#8221;1&#8243; admin_label=&#8221;Feature&#8221; _builder_version=&#8221;4.24.2&#8243; _module_preset=&#8221;default&#8221; background_color=&#8221;#125359&#8243; custom_margin=&#8221;||-43px|||&#8221; custom_padding=&#8221;0px||||false|false&#8221; global_colors_info=&#8221;{}&#8221;][et_pb_row column_structure=&#8221;1_6,1_6,1_6,1_6,1_6,1_6&#8243; _builder_version=&#8221;4.24.2&#8243; _module_preset=&#8221;default&#8221; max_width=&#8221;1200px&#8221; global_colors_info=&#8221;{}&#8221;][et_pb_column type=&#8221;1_6&#8243; _builder_version=&#8221;4.24.0&#8243; _module_preset=&#8221;default&#8221; global_colors_info=&#8221;{}&#8221;][et_pb_text _builder_version=&#8221;4.24.2&#8243; _module_preset=&#8221;default&#8221; global_colors_info=&#8221;{}&#8221;]<\/p>\n<p><img loading=\"lazy\" decoding=\"async\" src=\"https:\/\/azetaservice.it\/wp-content\/uploads\/2024\/03\/logo_astom.png\" width=\"170\" height=\"75\" alt=\"\" class=\"wp-image-757 alignnone size-full\" style=\"display: block; margin-left: auto; margin-right: auto;\" \/><\/p>\n<p>[\/et_pb_text][\/et_pb_column][et_pb_column type=&#8221;1_6&#8243; _builder_version=&#8221;4.24.0&#8243; _module_preset=&#8221;default&#8221; global_colors_info=&#8221;{}&#8221;][et_pb_text _builder_version=&#8221;4.24.2&#8243; _module_preset=&#8221;default&#8221; global_colors_info=&#8221;{}&#8221;]<\/p>\n<p><img loading=\"lazy\" decoding=\"async\" src=\"https:\/\/azetaservice.it\/wp-content\/uploads\/2024\/03\/logo_bombardier.png\" width=\"170\" height=\"75\" alt=\"\" class=\"wp-image-758 alignnone size-full\" style=\"display: block; margin-left: auto; margin-right: auto;\" \/><\/p>\n<p>[\/et_pb_text][\/et_pb_column][et_pb_column type=&#8221;1_6&#8243; _builder_version=&#8221;4.24.0&#8243; _module_preset=&#8221;default&#8221; global_colors_info=&#8221;{}&#8221;][et_pb_text _builder_version=&#8221;4.24.2&#8243; _module_preset=&#8221;default&#8221; global_colors_info=&#8221;{}&#8221;]<\/p>\n<p><img loading=\"lazy\" decoding=\"async\" src=\"https:\/\/azetaservice.it\/wp-content\/uploads\/2024\/03\/logo_integra.png\" width=\"170\" height=\"75\" alt=\"\" class=\"wp-image-759 alignnone size-full\" style=\"display: block; margin-left: auto; margin-right: auto;\" \/><\/p>\n<p>[\/et_pb_text][\/et_pb_column][et_pb_column type=&#8221;1_6&#8243; _builder_version=&#8221;4.24.0&#8243; _module_preset=&#8221;default&#8221; global_colors_info=&#8221;{}&#8221;][et_pb_text _builder_version=&#8221;4.24.2&#8243; _module_preset=&#8221;default&#8221; global_colors_info=&#8221;{}&#8221;]<\/p>\n<p><img loading=\"lazy\" decoding=\"async\" src=\"https:\/\/azetaservice.it\/wp-content\/uploads\/2024\/03\/logo_italferr.png\" width=\"170\" height=\"75\" alt=\"\" class=\"wp-image-760 alignnone size-full\" style=\"display: block; margin-left: auto; margin-right: auto;\" \/><\/p>\n<p>[\/et_pb_text][\/et_pb_column][et_pb_column type=&#8221;1_6&#8243; _builder_version=&#8221;4.24.0&#8243; _module_preset=&#8221;default&#8221; global_colors_info=&#8221;{}&#8221;][et_pb_text _builder_version=&#8221;4.24.2&#8243; _module_preset=&#8221;default&#8221; global_colors_info=&#8221;{}&#8221;]<\/p>\n<p><img loading=\"lazy\" decoding=\"async\" src=\"https:\/\/azetaservice.it\/wp-content\/uploads\/2024\/03\/logo_progress_rail.png\" width=\"170\" height=\"75\" alt=\"\" class=\"wp-image-761 alignnone size-full\" style=\"display: block; margin-left: auto; margin-right: auto;\" \/><\/p>\n<p>[\/et_pb_text][\/et_pb_column][et_pb_column type=&#8221;1_6&#8243; _builder_version=&#8221;4.24.0&#8243; _module_preset=&#8221;default&#8221; global_colors_info=&#8221;{}&#8221;][et_pb_text _builder_version=&#8221;4.24.2&#8243; _module_preset=&#8221;default&#8221; global_colors_info=&#8221;{}&#8221;]<\/p>\n<p><img loading=\"lazy\" decoding=\"async\" src=\"https:\/\/azetaservice.it\/wp-content\/uploads\/2024\/03\/logo_roma_metropolitane.png\" width=\"170\" height=\"75\" alt=\"\" class=\"wp-image-762 alignnone size-full\" style=\"display: block; margin-left: auto; margin-right: auto;\" \/><\/p>\n<p>[\/et_pb_text][\/et_pb_column][\/et_pb_row][\/et_pb_section][et_pb_section fb_built=&#8221;1&#8243; admin_label=&#8221;Footer&#8221; _builder_version=&#8221;4.24.0&#8243; _module_preset=&#8221;default&#8221; background_color=&#8221;#0a3d49&#8243; custom_padding=&#8221;3px||9px|||&#8221; border_color_top=&#8221;RGBA(255,255,255,0)&#8221; border_color_bottom=&#8221;RGBA(255,255,255,0)&#8221; saved_tabs=&#8221;all&#8221; global_colors_info=&#8221;{}&#8221;][et_pb_row column_structure=&#8221;1_2,1_4,1_4&#8243; _builder_version=&#8221;4.16&#8243; _module_preset=&#8221;default&#8221; global_colors_info=&#8221;{}&#8221;][et_pb_column type=&#8221;1_2&#8243; _builder_version=&#8221;4.16&#8243; _module_preset=&#8221;default&#8221; global_colors_info=&#8221;{}&#8221;][et_pb_image src=&#8221;https:\/\/azetaservice.it\/wp-content\/uploads\/2024\/03\/logo_footer.png&#8221; title_text=&#8221;logo_footer&#8221; _builder_version=&#8221;4.24.0&#8243; _module_preset=&#8221;default&#8221; width=&#8221;63%&#8221; max_width=&#8221;60%&#8221; custom_margin=&#8221;||0px||false|false&#8221; global_colors_info=&#8221;{}&#8221;][\/et_pb_image][\/et_pb_column][et_pb_column type=&#8221;1_4&#8243; _builder_version=&#8221;4.16&#8243; _module_preset=&#8221;default&#8221; global_colors_info=&#8221;{}&#8221;][et_pb_text _builder_version=&#8221;4.24.0&#8243; _module_preset=&#8221;534cc526-6274-4e31-9e1a-7f18a5947bf1&#8243; text_text_color=&#8221;#d6da50&#8243; header_4_font=&#8221;Archivo|600||on|||||&#8221; header_4_text_color=&#8221;#d6da50&#8243; header_4_font_size=&#8221;13px&#8221; header_4_letter_spacing=&#8221;1px&#8221; header_4_line_height=&#8221;1.5em&#8221; custom_margin=&#8221;||0px||false|false&#8221; header_4_font_size_tablet=&#8221;&#8221; header_4_font_size_phone=&#8221;&#8221; header_4_font_size_last_edited=&#8221;on|desktop&#8221; global_colors_info=&#8221;{}&#8221;]<\/p>\n<h4>Societ\u00e0<\/h4>\n<p>[\/et_pb_text][et_pb_text _builder_version=&#8221;4.24.2&#8243; _module_preset=&#8221;5ff55506-da7d-4dd7-b409-9d62c7203201&#8243; text_font=&#8221;Archivo||||||||&#8221; text_text_color=&#8221;#d6da50&#8243; text_font_size=&#8221;16px&#8221; text_line_height=&#8221;1.8em&#8221; link_text_color=&#8221;#FFFFFF&#8221; text_font_size_tablet=&#8221;15px&#8221; text_font_size_phone=&#8221;14px&#8221; text_font_size_last_edited=&#8221;on|phone&#8221; header_font_size_tablet=&#8221;55px&#8221; header_font_size_last_edited=&#8221;off|desktop&#8221; locked=&#8221;off&#8221; global_colors_info=&#8221;{}&#8221; link_text_color__hover_enabled=&#8221;on|desktop&#8221; link_text_color__hover=&#8221;#3C5BFF&#8221;]<\/p>\n<p><span>AZ Service s.r.l.<\/span><br \/><span>P.IVA 06925831007<\/span><\/p>\n<p>[\/et_pb_text][et_pb_text admin_label=&#8221;Privacy&#8221; _builder_version=&#8221;4.27.4&#8243; _module_preset=&#8221;5ff55506-da7d-4dd7-b409-9d62c7203201&#8243; text_font=&#8221;Archivo||||||||&#8221; text_text_color=&#8221;#d6da50&#8243; text_font_size=&#8221;16px&#8221; text_line_height=&#8221;1.8em&#8221; link_text_color=&#8221;#FFFFFF&#8221; link_option_url=&#8221;https:\/\/azetaservice.it\/index.php\/attivita\/informativa-privacy\/&#8221; text_font_size_tablet=&#8221;15px&#8221; text_font_size_phone=&#8221;14px&#8221; text_font_size_last_edited=&#8221;on|phone&#8221; header_font_size_tablet=&#8221;55px&#8221; header_font_size_last_edited=&#8221;off|desktop&#8221; locked=&#8221;off&#8221; global_colors_info=&#8221;{}&#8221; link_text_color__hover_enabled=&#8221;on|desktop&#8221; link_text_color__hover=&#8221;#3C5BFF&#8221;]<\/p>\n<p>INFORMATIVA PRIVACY<\/p>\n<p>[\/et_pb_text][\/et_pb_column][et_pb_column type=&#8221;1_4&#8243; _builder_version=&#8221;4.16&#8243; _module_preset=&#8221;default&#8221; global_colors_info=&#8221;{}&#8221;][et_pb_text _builder_version=&#8221;4.24.0&#8243; _module_preset=&#8221;534cc526-6274-4e31-9e1a-7f18a5947bf1&#8243; header_4_font=&#8221;Archivo|600||on|||||&#8221; header_4_text_color=&#8221;#d6da50&#8243; header_4_font_size=&#8221;13px&#8221; header_4_letter_spacing=&#8221;1px&#8221; header_4_line_height=&#8221;1.5em&#8221; custom_margin=&#8221;||0px||false|false&#8221; header_4_font_size_tablet=&#8221;&#8221; header_4_font_size_phone=&#8221;&#8221; header_4_font_size_last_edited=&#8221;on|desktop&#8221; locked=&#8221;off&#8221; global_colors_info=&#8221;{}&#8221;]<\/p>\n<h4>Contatti<\/h4>\n<p>[\/et_pb_text][et_pb_text _builder_version=&#8221;4.24.0&#8243; _module_preset=&#8221;5ff55506-da7d-4dd7-b409-9d62c7203201&#8243; text_font=&#8221;Archivo||||||||&#8221; text_text_color=&#8221;#d6da50&#8243; text_font_size=&#8221;16px&#8221; text_line_height=&#8221;1.8em&#8221; link_text_color=&#8221;#FFFFFF&#8221; text_font_size_tablet=&#8221;15px&#8221; text_font_size_phone=&#8221;14px&#8221; text_font_size_last_edited=&#8221;on|phone&#8221; header_font_size_tablet=&#8221;55px&#8221; header_font_size_last_edited=&#8221;off|desktop&#8221; locked=&#8221;off&#8221; global_colors_info=&#8221;{}&#8221; link_text_color__hover_enabled=&#8221;on|desktop&#8221; link_text_color__hover=&#8221;#3C5BFF&#8221;]<\/p>\n<p><a href=\"mailto:info@diviai.com\">info@azetaservice.it<\/a><\/p>\n<p>Tel. +39 06 89687064 r.a.<\/p>\n<p>Via Giulio Vincenzo Bona 133 &#8211; 00156 Roma<\/p>\n<p>[\/et_pb_text][\/et_pb_column][\/et_pb_row][\/et_pb_section]<\/p>\n","protected":false},"excerpt":{"rendered":"<p>EINFORMATIVA PRIVACY AI SENSI DEL REGOLAMENTO UE 679\/2016 Oggetto: Informativa ai sensi dell\u2019articolo 13 del Regolamento (UE) 2016\/679.Ai sensi dell\u2019art. 13 del Regolamento (UE) 2016\/679, recante disposizioni a tutela delle persone e di altri soggetti rispetto al trattamento dei dati personali, desideriamo informarla che i dati personali da lei forniti formeranno oggetto di trattamento nel [&hellip;]<\/p>\n","protected":false},"author":1,"featured_media":0,"parent":289,"menu_order":0,"comment_status":"closed","ping_status":"closed","template":"","meta":{"_et_pb_use_builder":"on","_et_pb_old_content":"","_et_gb_content_width":"","_themeisle_gutenberg_block_has_review":false,"footnotes":""},"class_list":["post-578","page","type-page","status-publish","hentry"],"_links":{"self":[{"href":"https:\/\/azetaservice.it\/index.php\/wp-json\/wp\/v2\/pages\/578","targetHints":{"allow":["GET"]}}],"collection":[{"href":"https:\/\/azetaservice.it\/index.php\/wp-json\/wp\/v2\/pages"}],"about":[{"href":"https:\/\/azetaservice.it\/index.php\/wp-json\/wp\/v2\/types\/page"}],"author":[{"embeddable":true,"href":"https:\/\/azetaservice.it\/index.php\/wp-json\/wp\/v2\/users\/1"}],"replies":[{"embeddable":true,"href":"https:\/\/azetaservice.it\/index.php\/wp-json\/wp\/v2\/comments?post=578"}],"version-history":[{"count":16,"href":"https:\/\/azetaservice.it\/index.php\/wp-json\/wp\/v2\/pages\/578\/revisions"}],"predecessor-version":[{"id":615,"href":"https:\/\/azetaservice.it\/index.php\/wp-json\/wp\/v2\/pages\/578\/revisions\/615"}],"up":[{"embeddable":true,"href":"https:\/\/azetaservice.it\/index.php\/wp-json\/wp\/v2\/pages\/289"}],"wp:attachment":[{"href":"https:\/\/azetaservice.it\/index.php\/wp-json\/wp\/v2\/media?parent=578"}],"curies":[{"name":"wp","href":"https:\/\/api.w.org\/{rel}","templated":true}]}}